{"id":3665,"date":"2023-06-16T10:18:37","date_gmt":"2023-06-16T10:18:37","guid":{"rendered":"https:\/\/osteriaallarosa2.it.graffitiweb.site\/?page_id=3665"},"modified":"2025-02-21T08:06:59","modified_gmt":"2025-02-21T08:06:59","slug":"menu","status":"publish","type":"page","link":"https:\/\/osteriaallarosa.it\/de\/menu\/","title":{"rendered":"MEN\u00dc"},"content":{"rendered":"\t\t<div data-elementor-type=\"wp-post\" data-elementor-id=\"3665\" class=\"elementor elementor-3665 elementor-121\">\n\t\t\t\t<div class=\"elementor-element elementor-element-ab32688 e-flex e-con-boxed e-con e-parent\" data-id=\"ab32688\" data-element_type=\"container\">\n\t\t\t\t\t<div class=\"e-con-inner\">\n\t\t\t\t<div class=\"elementor-element elementor-element-4f37cc9 elementor-widget elementor-widget-heading\" data-id=\"4f37cc9\" data-element_type=\"widget\" data-widget_type=\"heading.default\">\n\t\t\t\t<div class=\"elementor-widget-container\">\n\t\t\t\t\t<h1 class=\"elementor-heading-title elementor-size-default\">DAS Men\u00dc<\/h1>\t\t\t\t<\/div>\n\t\t\t\t<\/div>\n\t\t\t\t\t<\/div>\n\t\t\t\t<\/div>\n\t\t<div class=\"elementor-element elementor-element-603ff9c e-flex e-con-boxed e-con e-parent\" data-id=\"603ff9c\" data-element_type=\"container\">\n\t\t\t\t\t<div class=\"e-con-inner\">\n\t\t<div class=\"elementor-element elementor-element-658b322 e-con-full e-flex e-con e-child\" data-id=\"658b322\" data-element_type=\"container\">\n\t\t\t\t<div class=\"elementor-element elementor-element-92b25d6 elementor-widget elementor-widget-image\" data-id=\"92b25d6\" data-element_type=\"widget\" data-widget_type=\"image.default\">\n\t\t\t\t<div class=\"elementor-widget-container\">\n\t\t\t\t\t\t\t\t\t\t\t\t\t\t\t<img fetchpriority=\"high\" decoding=\"async\" width=\"2560\" height=\"1703\" src=\"https:\/\/osteriaallarosa.it\/wp-content\/uploads\/2025\/02\/Marco-Pallua-Impasta_47-scaled.jpg\" class=\"attachment-full size-full wp-image-4088\" alt=\"\" srcset=\"https:\/\/osteriaallarosa.it\/wp-content\/uploads\/2025\/02\/Marco-Pallua-Impasta_47-scaled.jpg 2560w, https:\/\/osteriaallarosa.it\/wp-content\/uploads\/2025\/02\/Marco-Pallua-Impasta_47-300x200.jpg 300w, https:\/\/osteriaallarosa.it\/wp-content\/uploads\/2025\/02\/Marco-Pallua-Impasta_47-1024x681.jpg 1024w, https:\/\/osteriaallarosa.it\/wp-content\/uploads\/2025\/02\/Marco-Pallua-Impasta_47-768x511.jpg 768w, https:\/\/osteriaallarosa.it\/wp-content\/uploads\/2025\/02\/Marco-Pallua-Impasta_47-1536x1022.jpg 1536w, https:\/\/osteriaallarosa.it\/wp-content\/uploads\/2025\/02\/Marco-Pallua-Impasta_47-2048x1363.jpg 2048w\" sizes=\"(max-width: 2560px) 100vw, 2560px\" \/>\t\t\t\t\t\t\t\t\t\t\t\t\t\t\t<\/div>\n\t\t\t\t<\/div>\n\t\t\t\t<\/div>\n\t\t<div class=\"elementor-element elementor-element-22b78eb e-con-full e-flex e-con e-child\" data-id=\"22b78eb\" data-element_type=\"container\">\n\t\t\t\t<div class=\"elementor-element elementor-element-628afc9 elementor-widget elementor-widget-text-editor\" data-id=\"628afc9\" data-element_type=\"widget\" data-widget_type=\"text-editor.default\">\n\t\t\t\t<div class=\"elementor-widget-container\">\n\t\t\t\t\t\t\t\t\t<p>Die K\u00fcche, die wir anbieten, ist einfach und heimelig, im Zeichen der Authentizit\u00e4t und Tradition. Die Gerichte werden mit hochwertigen Rohstoffen aus der Umgebung zubereitet, unter denen das DOP-Oliven\u00f6l extra vergine aus Malcesine hervorsticht.<\/p><p>Wir k\u00fcmmern uns pers\u00f6nlich um die Auswahl der Rohstoffe und die Zubereitung der Gerichte und achten dabei gewissenhaft auf die Qualit\u00e4t; die Pasta wird t\u00e4glich frisch zu Hause zubereitet.<\/p>\t\t\t\t\t\t\t\t<\/div>\n\t\t\t\t<\/div>\n\t\t\t\t<\/div>\n\t\t\t\t\t<\/div>\n\t\t\t\t<\/div>\n\t\t<div class=\"elementor-element elementor-element-b24cfd8 box-nomargin e-flex e-con-boxed e-con e-parent\" data-id=\"b24cfd8\" data-element_type=\"container\">\n\t\t\t\t\t<div class=\"e-con-inner\">\n\t\t<div class=\"elementor-element elementor-element-ac0c75d e-con-full e-flex e-con e-child\" data-id=\"ac0c75d\" data-element_type=\"container\">\n\t\t\t\t<div class=\"elementor-element elementor-element-f3f59ae home-title-el title-headline-el elementor-widget elementor-widget-heading\" data-id=\"f3f59ae\" data-element_type=\"widget\" data-widget_type=\"heading.default\">\n\t\t\t\t<div class=\"elementor-widget-container\">\n\t\t\t\t\t<h5 class=\"elementor-heading-title elementor-size-default\"><span style=\"font-weight:normal\"><p dir=\"ltr\" style=\"line-height:1.2;margin-top:0pt;margin-bottom:0pt\"><span style=\"font-size: 1.5rem;font-weight: 700\">Falls Sie mit einer Gruppe <\/span><\/p><\/span>durch Malcesine fahren und einen kulinarischen Zwischenstopp machen m\u00f6chten, ohne auf das f\u00fcr unseren Ort typische Essen verzichten zu wollen, z\u00f6gern Sie bitte nicht mit uns Kontakt aufzunehmen: Wir sind immer bereit, zu jeder Anfrage ein Angebot mit optimalem Preis-Leistungs-Verh\u00e4ltnis abzugeben.\n<\/h5>\t\t\t\t<\/div>\n\t\t\t\t<\/div>\n\t\t\t\t<div class=\"elementor-element elementor-element-c524e5d elementor-align-center elementor-widget elementor-widget-button\" data-id=\"c524e5d\" data-element_type=\"widget\" data-widget_type=\"button.default\">\n\t\t\t\t<div class=\"elementor-widget-container\">\n\t\t\t\t\t\t\t\t\t<div class=\"elementor-button-wrapper\">\n\t\t\t\t\t<a class=\"elementor-button elementor-button-link elementor-size-sm elementor-animation-shrink\" href=\"\/wp-content\/uploads\/2025\/02\/menu_2024.pdf\" target=\"_blank\">\n\t\t\t\t\t\t<span class=\"elementor-button-content-wrapper\">\n\t\t\t\t\t\t<span class=\"elementor-button-icon\">\n\t\t\t\t<svg aria-hidden=\"true\" class=\"e-font-icon-svg e-far-file-pdf\" viewBox=\"0 0 384 512\" xmlns=\"http:\/\/www.w3.org\/2000\/svg\"><path d=\"M369.9 97.9L286 14C277 5 264.8-.1 252.1-.1H48C21.5 0 0 21.5 0 48v416c0 26.5 21.5 48 48 48h288c26.5 0 48-21.5 48-48V131.9c0-12.7-5.1-25-14.1-34zM332.1 128H256V51.9l76.1 76.1zM48 464V48h160v104c0 13.3 10.7 24 24 24h104v288H48zm250.2-143.7c-12.2-12-47-8.7-64.4-6.5-17.2-10.5-28.7-25-36.8-46.3 3.9-16.1 10.1-40.6 5.4-56-4.2-26.2-37.8-23.6-42.6-5.9-4.4 16.1-.4 38.5 7 67.1-10 23.9-24.9 56-35.4 74.4-20 10.3-47 26.2-51 46.2-3.3 15.8 26 55.2 76.1-31.2 22.4-7.4 46.8-16.5 68.4-20.1 18.9 10.2 41 17 55.8 17 25.5 0 28-28.2 17.5-38.7zm-198.1 77.8c5.1-13.7 24.5-29.5 30.4-35-19 30.3-30.4 35.7-30.4 35zm81.6-190.6c7.4 0 6.7 32.1 1.8 40.8-4.4-13.9-4.3-40.8-1.8-40.8zm-24.4 136.6c9.7-16.9 18-37 24.7-54.7 8.3 15.1 18.9 27.2 30.1 35.5-20.8 4.3-38.9 13.1-54.8 19.2zm131.6-5s-5 6-37.3-7.8c35.1-2.6 40.9 5.4 37.3 7.8z\"><\/path><\/svg>\t\t\t<\/span>\n\t\t\t\t\t\t\t\t\t<span class=\"elementor-button-text\">Download unserer Speisekarte<\/span>\n\t\t\t\t\t<\/span>\n\t\t\t\t\t<\/a>\n\t\t\t\t<\/div>\n\t\t\t\t\t\t\t\t<\/div>\n\t\t\t\t<\/div>\n\t\t\t\t<\/div>\n\t\t\t\t\t<\/div>\n\t\t\t\t<\/div>\n\t\t\t\t<\/div>\n\t\t","protected":false},"excerpt":{"rendered":"<p>DAS Men\u00dc Die K\u00fcche, die wir anbieten, ist einfach und heimelig, im Zeichen der Authentizit\u00e4t und Tradition. Die Gerichte werden mit hochwertigen Rohstoffen aus der Umgebung zubereitet, unter denen das DOP-Oliven\u00f6l extra vergine aus Malcesine hervorsticht. Wir k\u00fcmmern uns pers\u00f6nlich um die Auswahl der Rohstoffe und die Zubereitung der Gerichte und achten dabei gewissenhaft auf die Qualit\u00e4t; die Pasta wird&#8230;<\/p>\n","protected":false},"author":1,"featured_media":0,"parent":0,"menu_order":0,"comment_status":"closed","ping_status":"closed","template":"elementor_header_footer","meta":{"_acf_changed":false,"footnotes":""},"class_list":["post-3665","page","type-page","status-publish","hentry"],"acf":[],"yoast_head":"<!-- This site is optimized with the Yoast SEO plugin v27.4 - https:\/\/yoast.com\/product\/yoast-seo-wordpress\/ -->\n<title>MEN\u00dc - Osteria alla Rosa<\/title>\n<meta name=\"robots\" content=\"index, follow, max-snippet:-1, max-image-preview:large, max-video-preview:-1\" \/>\n<link rel=\"canonical\" href=\"https:\/\/osteriaallarosa.it\/de\/menu\/\" \/>\n<meta property=\"og:locale\" content=\"de_DE\" \/>\n<meta property=\"og:type\" content=\"article\" \/>\n<meta property=\"og:title\" content=\"MEN\u00dc - Osteria alla Rosa\" \/>\n<meta property=\"og:description\" content=\"DAS Men\u00dc Die K\u00fcche, die wir anbieten, ist einfach und heimelig, im Zeichen der Authentizit\u00e4t und Tradition. Die Gerichte werden mit hochwertigen Rohstoffen aus der Umgebung zubereitet, unter denen das DOP-Oliven\u00f6l extra vergine aus Malcesine hervorsticht. Wir k\u00fcmmern uns pers\u00f6nlich um die Auswahl der Rohstoffe und die Zubereitung der Gerichte und achten dabei gewissenhaft auf die Qualit\u00e4t; die Pasta wird...\" \/>\n<meta property=\"og:url\" content=\"https:\/\/osteriaallarosa.it\/de\/menu\/\" \/>\n<meta property=\"og:site_name\" content=\"Osteria alla Rosa\" \/>\n<meta property=\"article:modified_time\" content=\"2025-02-21T08:06:59+00:00\" \/>\n<meta property=\"og:image\" content=\"https:\/\/osteriaallarosa.it\/wp-content\/uploads\/2025\/02\/Marco-Pallua-Impasta_47-scaled.jpg\" \/>\n\t<meta property=\"og:image:width\" content=\"2560\" \/>\n\t<meta property=\"og:image:height\" content=\"1703\" \/>\n\t<meta property=\"og:image:type\" content=\"image\/jpeg\" \/>\n<meta name=\"twitter:card\" content=\"summary_large_image\" \/>\n<meta name=\"twitter:label1\" content=\"Gesch\u00e4tzte Lesezeit\" \/>\n\t<meta name=\"twitter:data1\" content=\"1\u00a0Minute\" \/>\n<script type=\"application\/ld+json\" class=\"yoast-schema-graph\">{\"@context\":\"https:\\\/\\\/schema.org\",\"@graph\":[{\"@type\":\"WebPage\",\"@id\":\"https:\\\/\\\/osteriaallarosa.it\\\/de\\\/menu\\\/\",\"url\":\"https:\\\/\\\/osteriaallarosa.it\\\/de\\\/menu\\\/\",\"name\":\"MEN\u00dc - Osteria alla Rosa\",\"isPartOf\":{\"@id\":\"https:\\\/\\\/osteriaallarosa.it\\\/#website\"},\"primaryImageOfPage\":{\"@id\":\"https:\\\/\\\/osteriaallarosa.it\\\/de\\\/menu\\\/#primaryimage\"},\"image\":{\"@id\":\"https:\\\/\\\/osteriaallarosa.it\\\/de\\\/menu\\\/#primaryimage\"},\"thumbnailUrl\":\"https:\\\/\\\/osteriaallarosa.it\\\/wp-content\\\/uploads\\\/2025\\\/02\\\/Marco-Pallua-Impasta_47-scaled.jpg\",\"datePublished\":\"2023-06-16T10:18:37+00:00\",\"dateModified\":\"2025-02-21T08:06:59+00:00\",\"breadcrumb\":{\"@id\":\"https:\\\/\\\/osteriaallarosa.it\\\/de\\\/menu\\\/#breadcrumb\"},\"inLanguage\":\"de\",\"potentialAction\":[{\"@type\":\"ReadAction\",\"target\":[\"https:\\\/\\\/osteriaallarosa.it\\\/de\\\/menu\\\/\"]}]},{\"@type\":\"ImageObject\",\"inLanguage\":\"de\",\"@id\":\"https:\\\/\\\/osteriaallarosa.it\\\/de\\\/menu\\\/#primaryimage\",\"url\":\"https:\\\/\\\/osteriaallarosa.it\\\/wp-content\\\/uploads\\\/2025\\\/02\\\/Marco-Pallua-Impasta_47-scaled.jpg\",\"contentUrl\":\"https:\\\/\\\/osteriaallarosa.it\\\/wp-content\\\/uploads\\\/2025\\\/02\\\/Marco-Pallua-Impasta_47-scaled.jpg\"},{\"@type\":\"BreadcrumbList\",\"@id\":\"https:\\\/\\\/osteriaallarosa.it\\\/de\\\/menu\\\/#breadcrumb\",\"itemListElement\":[{\"@type\":\"ListItem\",\"position\":1,\"name\":\"Home\",\"item\":\"https:\\\/\\\/osteriaallarosa.it\\\/\"},{\"@type\":\"ListItem\",\"position\":2,\"name\":\"MEN\u00dc\"}]},{\"@type\":\"WebSite\",\"@id\":\"https:\\\/\\\/osteriaallarosa.it\\\/#website\",\"url\":\"https:\\\/\\\/osteriaallarosa.it\\\/\",\"name\":\"Osteria alla Rosa\",\"description\":\"locale storico di Malcesine\",\"publisher\":{\"@id\":\"https:\\\/\\\/osteriaallarosa.it\\\/#organization\"},\"potentialAction\":[{\"@type\":\"SearchAction\",\"target\":{\"@type\":\"EntryPoint\",\"urlTemplate\":\"https:\\\/\\\/osteriaallarosa.it\\\/?s={search_term_string}\"},\"query-input\":{\"@type\":\"PropertyValueSpecification\",\"valueRequired\":true,\"valueName\":\"search_term_string\"}}],\"inLanguage\":\"de\"},{\"@type\":\"Organization\",\"@id\":\"https:\\\/\\\/osteriaallarosa.it\\\/#organization\",\"name\":\"Osteria alla Rosa\",\"url\":\"https:\\\/\\\/osteriaallarosa.it\\\/\",\"logo\":{\"@type\":\"ImageObject\",\"inLanguage\":\"de\",\"@id\":\"https:\\\/\\\/osteriaallarosa.it\\\/#\\\/schema\\\/logo\\\/image\\\/\",\"url\":\"https:\\\/\\\/osteriaallarosa.it\\\/wp-content\\\/uploads\\\/2025\\\/02\\\/osteriaaalrosa.png\",\"contentUrl\":\"https:\\\/\\\/osteriaallarosa.it\\\/wp-content\\\/uploads\\\/2025\\\/02\\\/osteriaaalrosa.png\",\"width\":469,\"height\":197,\"caption\":\"Osteria alla Rosa\"},\"image\":{\"@id\":\"https:\\\/\\\/osteriaallarosa.it\\\/#\\\/schema\\\/logo\\\/image\\\/\"}}]}<\/script>\n<!-- \/ Yoast SEO plugin. -->","yoast_head_json":{"title":"MEN\u00dc - Osteria alla Rosa","robots":{"index":"index","follow":"follow","max-snippet":"max-snippet:-1","max-image-preview":"max-image-preview:large","max-video-preview":"max-video-preview:-1"},"canonical":"https:\/\/osteriaallarosa.it\/de\/menu\/","og_locale":"de_DE","og_type":"article","og_title":"MEN\u00dc - Osteria alla Rosa","og_description":"DAS Men\u00dc Die K\u00fcche, die wir anbieten, ist einfach und heimelig, im Zeichen der Authentizit\u00e4t und Tradition. Die Gerichte werden mit hochwertigen Rohstoffen aus der Umgebung zubereitet, unter denen das DOP-Oliven\u00f6l extra vergine aus Malcesine hervorsticht. Wir k\u00fcmmern uns pers\u00f6nlich um die Auswahl der Rohstoffe und die Zubereitung der Gerichte und achten dabei gewissenhaft auf die Qualit\u00e4t; die Pasta wird...","og_url":"https:\/\/osteriaallarosa.it\/de\/menu\/","og_site_name":"Osteria alla Rosa","article_modified_time":"2025-02-21T08:06:59+00:00","og_image":[{"width":2560,"height":1703,"url":"https:\/\/osteriaallarosa.it\/wp-content\/uploads\/2025\/02\/Marco-Pallua-Impasta_47-scaled.jpg","type":"image\/jpeg"}],"twitter_card":"summary_large_image","twitter_misc":{"Gesch\u00e4tzte Lesezeit":"1\u00a0Minute"},"schema":{"@context":"https:\/\/schema.org","@graph":[{"@type":"WebPage","@id":"https:\/\/osteriaallarosa.it\/de\/menu\/","url":"https:\/\/osteriaallarosa.it\/de\/menu\/","name":"MEN\u00dc - Osteria alla Rosa","isPartOf":{"@id":"https:\/\/osteriaallarosa.it\/#website"},"primaryImageOfPage":{"@id":"https:\/\/osteriaallarosa.it\/de\/menu\/#primaryimage"},"image":{"@id":"https:\/\/osteriaallarosa.it\/de\/menu\/#primaryimage"},"thumbnailUrl":"https:\/\/osteriaallarosa.it\/wp-content\/uploads\/2025\/02\/Marco-Pallua-Impasta_47-scaled.jpg","datePublished":"2023-06-16T10:18:37+00:00","dateModified":"2025-02-21T08:06:59+00:00","breadcrumb":{"@id":"https:\/\/osteriaallarosa.it\/de\/menu\/#breadcrumb"},"inLanguage":"de","potentialAction":[{"@type":"ReadAction","target":["https:\/\/osteriaallarosa.it\/de\/menu\/"]}]},{"@type":"ImageObject","inLanguage":"de","@id":"https:\/\/osteriaallarosa.it\/de\/menu\/#primaryimage","url":"https:\/\/osteriaallarosa.it\/wp-content\/uploads\/2025\/02\/Marco-Pallua-Impasta_47-scaled.jpg","contentUrl":"https:\/\/osteriaallarosa.it\/wp-content\/uploads\/2025\/02\/Marco-Pallua-Impasta_47-scaled.jpg"},{"@type":"BreadcrumbList","@id":"https:\/\/osteriaallarosa.it\/de\/menu\/#breadcrumb","itemListElement":[{"@type":"ListItem","position":1,"name":"Home","item":"https:\/\/osteriaallarosa.it\/"},{"@type":"ListItem","position":2,"name":"MEN\u00dc"}]},{"@type":"WebSite","@id":"https:\/\/osteriaallarosa.it\/#website","url":"https:\/\/osteriaallarosa.it\/","name":"Osteria alla Rosa","description":"locale storico di Malcesine","publisher":{"@id":"https:\/\/osteriaallarosa.it\/#organization"},"potentialAction":[{"@type":"SearchAction","target":{"@type":"EntryPoint","urlTemplate":"https:\/\/osteriaallarosa.it\/?s={search_term_string}"},"query-input":{"@type":"PropertyValueSpecification","valueRequired":true,"valueName":"search_term_string"}}],"inLanguage":"de"},{"@type":"Organization","@id":"https:\/\/osteriaallarosa.it\/#organization","name":"Osteria alla Rosa","url":"https:\/\/osteriaallarosa.it\/","logo":{"@type":"ImageObject","inLanguage":"de","@id":"https:\/\/osteriaallarosa.it\/#\/schema\/logo\/image\/","url":"https:\/\/osteriaallarosa.it\/wp-content\/uploads\/2025\/02\/osteriaaalrosa.png","contentUrl":"https:\/\/osteriaallarosa.it\/wp-content\/uploads\/2025\/02\/osteriaaalrosa.png","width":469,"height":197,"caption":"Osteria alla Rosa"},"image":{"@id":"https:\/\/osteriaallarosa.it\/#\/schema\/logo\/image\/"}}]}},"_links":{"self":[{"href":"https:\/\/osteriaallarosa.it\/de\/wp-json\/wp\/v2\/pages\/3665","targetHints":{"allow":["GET"]}}],"collection":[{"href":"https:\/\/osteriaallarosa.it\/de\/wp-json\/wp\/v2\/pages"}],"about":[{"href":"https:\/\/osteriaallarosa.it\/de\/wp-json\/wp\/v2\/types\/page"}],"author":[{"embeddable":true,"href":"https:\/\/osteriaallarosa.it\/de\/wp-json\/wp\/v2\/users\/1"}],"replies":[{"embeddable":true,"href":"https:\/\/osteriaallarosa.it\/de\/wp-json\/wp\/v2\/comments?post=3665"}],"version-history":[{"count":23,"href":"https:\/\/osteriaallarosa.it\/de\/wp-json\/wp\/v2\/pages\/3665\/revisions"}],"predecessor-version":[{"id":4127,"href":"https:\/\/osteriaallarosa.it\/de\/wp-json\/wp\/v2\/pages\/3665\/revisions\/4127"}],"wp:attachment":[{"href":"https:\/\/osteriaallarosa.it\/de\/wp-json\/wp\/v2\/media?parent=3665"}],"curies":[{"name":"wp","href":"https:\/\/api.w.org\/{rel}","templated":true}]}}