{"id":3648,"date":"2025-02-03T15:46:26","date_gmt":"2025-02-03T15:46:26","guid":{"rendered":"https:\/\/osteriaallarosa2.it.graffitiweb.site\/?page_id=3648"},"modified":"2025-02-21T07:49:36","modified_gmt":"2025-02-21T07:49:36","slug":"der-weinkeller","status":"publish","type":"page","link":"https:\/\/osteriaallarosa.it\/de\/der-weinkeller\/","title":{"rendered":"DER WEINKELLER"},"content":{"rendered":"\t\t<div data-elementor-type=\"wp-page\" data-elementor-id=\"3648\" class=\"elementor elementor-3648 elementor-3018\">\n\t\t\t\t<div class=\"elementor-element elementor-element-91961dc e-flex e-con-boxed e-con e-parent\" data-id=\"91961dc\" data-element_type=\"container\">\n\t\t\t\t\t<div class=\"e-con-inner\">\n\t\t\t\t<div class=\"elementor-element elementor-element-5156a0d elementor-widget elementor-widget-heading\" data-id=\"5156a0d\" data-element_type=\"widget\" data-widget_type=\"heading.default\">\n\t\t\t\t<div class=\"elementor-widget-container\">\n\t\t\t\t\t<h1 class=\"elementor-heading-title elementor-size-default\">DER WEINKELLER<\/h1>\t\t\t\t<\/div>\n\t\t\t\t<\/div>\n\t\t\t\t\t<\/div>\n\t\t\t\t<\/div>\n\t\t<div class=\"elementor-element elementor-element-57dae91e box-nomargin e-flex e-con-boxed e-con e-parent\" data-id=\"57dae91e\" data-element_type=\"container\">\n\t\t\t\t\t<div class=\"e-con-inner\">\n\t\t<div class=\"elementor-element elementor-element-6a2f70ce e-con-full e-flex e-con e-child\" data-id=\"6a2f70ce\" data-element_type=\"container\">\n\t\t\t\t<div class=\"elementor-element elementor-element-53cb2eae home-subtitle-el elementor-widget elementor-widget-heading\" data-id=\"53cb2eae\" data-element_type=\"widget\" data-widget_type=\"heading.default\">\n\t\t\t\t<div class=\"elementor-widget-container\">\n\t\t\t\t\t<h3 class=\"elementor-heading-title elementor-size-default\">DER WEINKELLER<\/h3>\t\t\t\t<\/div>\n\t\t\t\t<\/div>\n\t\t\t\t<div class=\"elementor-element elementor-element-46ca7bc6 elementor-widget elementor-widget-heading\" data-id=\"46ca7bc6\" data-element_type=\"widget\" data-widget_type=\"heading.default\">\n\t\t\t\t<div class=\"elementor-widget-container\">\n\t\t\t\t\t<span class=\"elementor-heading-title elementor-size-default\">Zu den Gerichten unserer K\u00fcche k\u00f6nnen Sie entweder einen vom Wirt pers\u00f6nlich ausgesuchten offenen Wein w\u00e4hlen oder Sie geben sich ganz der gro\u00dfen Auswahl unserer Weinkarte hin, bei der wiederum besonderes Gewicht auf die Produkte der Region gelegt wurde. \nWer das Men\u00fc schlie\u00dflich mit dem unverwechselbaren Duft einer Grappa oder eines Edelbrands beschlie\u00dfen m\u00f6chte, f\u00fcr den haben wir ganz sicher das Richtige dabei!<\/span>\t\t\t\t<\/div>\n\t\t\t\t<\/div>\n\t\t\t\t<\/div>\n\t\t\t\t\t<\/div>\n\t\t\t\t<\/div>\n\t\t<div class=\"elementor-element elementor-element-786429fd box-nomargin e-flex e-con-boxed e-con e-parent\" data-id=\"786429fd\" data-element_type=\"container\">\n\t\t\t\t\t<div class=\"e-con-inner\">\n\t\t<div class=\"elementor-element elementor-element-4586e6de e-con-full e-flex e-con e-child\" data-id=\"4586e6de\" data-element_type=\"container\">\n\t\t\t\t<div class=\"elementor-element elementor-element-5bdfe909 home-title-el title-headline-el elementor-widget elementor-widget-heading\" data-id=\"5bdfe909\" data-element_type=\"widget\" data-widget_type=\"heading.default\">\n\t\t\t\t<div class=\"elementor-widget-container\">\n\t\t\t\t\t<h5 class=\"elementor-heading-title elementor-size-default\"><span style=\"font-size: 24px\">Sie d\u00fcrfen den OlivettO nicht verpassen, unseren Olivengrappa, der nach einem alten Rezept hergestellt wird und 2007 den Vinitaly Grappa Tasting Award gewonnen hat.<\/span><\/h5>\t\t\t\t<\/div>\n\t\t\t\t<\/div>\n\t\t\t\t<div class=\"elementor-element elementor-element-37e00c3 elementor-align-center elementor-widget elementor-widget-button\" data-id=\"37e00c3\" data-element_type=\"widget\" data-widget_type=\"button.default\">\n\t\t\t\t<div class=\"elementor-widget-container\">\n\t\t\t\t\t\t\t\t\t<div class=\"elementor-button-wrapper\">\n\t\t\t\t\t<a class=\"elementor-button elementor-button-link elementor-size-sm elementor-animation-shrink\" href=\"\/wp-content\/uploads\/2025\/02\/carta_vini_2024.pdf\" target=\"_blank\">\n\t\t\t\t\t\t<span class=\"elementor-button-content-wrapper\">\n\t\t\t\t\t\t<span class=\"elementor-button-icon\">\n\t\t\t\t<svg aria-hidden=\"true\" class=\"e-font-icon-svg e-far-file-pdf\" viewBox=\"0 0 384 512\" xmlns=\"http:\/\/www.w3.org\/2000\/svg\"><path d=\"M369.9 97.9L286 14C277 5 264.8-.1 252.1-.1H48C21.5 0 0 21.5 0 48v416c0 26.5 21.5 48 48 48h288c26.5 0 48-21.5 48-48V131.9c0-12.7-5.1-25-14.1-34zM332.1 128H256V51.9l76.1 76.1zM48 464V48h160v104c0 13.3 10.7 24 24 24h104v288H48zm250.2-143.7c-12.2-12-47-8.7-64.4-6.5-17.2-10.5-28.7-25-36.8-46.3 3.9-16.1 10.1-40.6 5.4-56-4.2-26.2-37.8-23.6-42.6-5.9-4.4 16.1-.4 38.5 7 67.1-10 23.9-24.9 56-35.4 74.4-20 10.3-47 26.2-51 46.2-3.3 15.8 26 55.2 76.1-31.2 22.4-7.4 46.8-16.5 68.4-20.1 18.9 10.2 41 17 55.8 17 25.5 0 28-28.2 17.5-38.7zm-198.1 77.8c5.1-13.7 24.5-29.5 30.4-35-19 30.3-30.4 35.7-30.4 35zm81.6-190.6c7.4 0 6.7 32.1 1.8 40.8-4.4-13.9-4.3-40.8-1.8-40.8zm-24.4 136.6c9.7-16.9 18-37 24.7-54.7 8.3 15.1 18.9 27.2 30.1 35.5-20.8 4.3-38.9 13.1-54.8 19.2zm131.6-5s-5 6-37.3-7.8c35.1-2.6 40.9 5.4 37.3 7.8z\"><\/path><\/svg>\t\t\t<\/span>\n\t\t\t\t\t\t\t\t\t<span class=\"elementor-button-text\">Download der Weinkarte<\/span>\n\t\t\t\t\t<\/span>\n\t\t\t\t\t<\/a>\n\t\t\t\t<\/div>\n\t\t\t\t\t\t\t\t<\/div>\n\t\t\t\t<\/div>\n\t\t\t\t<\/div>\n\t\t\t\t\t<\/div>\n\t\t\t\t<\/div>\n\t\t<div class=\"elementor-element elementor-element-410d8d0 box-nomargin e-flex e-con-boxed e-con e-parent\" data-id=\"410d8d0\" data-element_type=\"container\">\n\t\t\t\t\t<div class=\"e-con-inner\">\n\t\t<div class=\"elementor-element elementor-element-cbac9bb e-con-full e-flex e-con e-child\" data-id=\"cbac9bb\" data-element_type=\"container\">\n\t\t\t\t<div class=\"elementor-element elementor-element-70d833f elementor-widget elementor-widget-shortcode\" data-id=\"70d833f\" data-element_type=\"widget\" data-widget_type=\"shortcode.default\">\n\t\t\t\t<div class=\"elementor-widget-container\">\n\t\t\t\t\t\t\t<div class=\"elementor-shortcode\"><div id=\"\" class=\"gallery-3colgrid-content\"><div class=\"menu-holder menu-3col-grid-image gallery-holder-fs clearfix\"><div class=\"menu-post gallery-post\"><a href=\"https:\/\/osteriaallarosa.it\/wp-content\/uploads\/2025\/02\/CIMG0207-1.jpg\" class=\"lightbox\" title=\"\" data-elementor-open-lightbox=\"no\"><div class=\"item-content-bkg gallery-bkg\"><div class=\"gallery-img\" style=\"background-image:url(https:\/\/osteriaallarosa.it\/wp-content\/uploads\/2025\/02\/CIMG0207-1.jpg)\"><\/div><div class=\"menu-post-desc\"><h4><\/h4><div class=\"gallery-mglass\"><i class=\"fa fa-search\"><\/i><\/div><\/div><\/div><\/a><\/div><div class=\"menu-post gallery-post\"><a href=\"https:\/\/osteriaallarosa.it\/wp-content\/uploads\/2025\/02\/6CAU4774-1.jpg\" class=\"lightbox\" title=\"\" data-elementor-open-lightbox=\"no\"><div class=\"item-content-bkg gallery-bkg\"><div class=\"gallery-img\" style=\"background-image:url(https:\/\/osteriaallarosa.it\/wp-content\/uploads\/2025\/02\/6CAU4774-1.jpg)\"><\/div><div class=\"menu-post-desc\"><h4><\/h4><div class=\"gallery-mglass\"><i class=\"fa fa-search\"><\/i><\/div><\/div><\/div><\/a><\/div><div class=\"menu-post gallery-post\"><a href=\"https:\/\/osteriaallarosa.it\/wp-content\/uploads\/2025\/02\/6CAU4797.jpg\" class=\"lightbox\" title=\"\" data-elementor-open-lightbox=\"no\"><div class=\"item-content-bkg gallery-bkg\"><div class=\"gallery-img\" style=\"background-image:url(https:\/\/osteriaallarosa.it\/wp-content\/uploads\/2025\/02\/6CAU4797.jpg)\"><\/div><div class=\"menu-post-desc\"><h4><\/h4><div class=\"gallery-mglass\"><i class=\"fa fa-search\"><\/i><\/div><\/div><\/div><\/a><\/div><div class=\"menu-post gallery-post\"><a href=\"https:\/\/osteriaallarosa.it\/wp-content\/uploads\/2025\/02\/CLASSICRISERVA.jpg\" class=\"lightbox\" title=\"\" data-elementor-open-lightbox=\"no\"><div class=\"item-content-bkg gallery-bkg\"><div class=\"gallery-img\" style=\"background-image:url(https:\/\/osteriaallarosa.it\/wp-content\/uploads\/2025\/02\/CLASSICRISERVA.jpg)\"><\/div><div class=\"menu-post-desc\"><h4><\/h4><div class=\"gallery-mglass\"><i class=\"fa fa-search\"><\/i><\/div><\/div><\/div><\/a><\/div><div class=\"menu-post gallery-post\"><a href=\"https:\/\/osteriaallarosa.it\/wp-content\/uploads\/2025\/02\/COMBINATA.jpg\" class=\"lightbox\" title=\"\" data-elementor-open-lightbox=\"no\"><div class=\"item-content-bkg gallery-bkg\"><div class=\"gallery-img\" style=\"background-image:url(https:\/\/osteriaallarosa.it\/wp-content\/uploads\/2025\/02\/COMBINATA.jpg)\"><\/div><div class=\"menu-post-desc\"><h4><\/h4><div class=\"gallery-mglass\"><i class=\"fa fa-search\"><\/i><\/div><\/div><\/div><\/a><\/div><div class=\"menu-post gallery-post\"><a href=\"https:\/\/osteriaallarosa.it\/wp-content\/uploads\/2025\/02\/Oliv.001-B.jpg\" class=\"lightbox\" title=\"\" data-elementor-open-lightbox=\"no\"><div class=\"item-content-bkg gallery-bkg\"><div class=\"gallery-img\" style=\"background-image:url(https:\/\/osteriaallarosa.it\/wp-content\/uploads\/2025\/02\/Oliv.001-B.jpg)\"><\/div><div class=\"menu-post-desc\"><h4><\/h4><div class=\"gallery-mglass\"><i class=\"fa fa-search\"><\/i><\/div><\/div><\/div><\/a><\/div><div class=\"menu-post gallery-post\"><a href=\"https:\/\/osteriaallarosa.it\/wp-content\/uploads\/2025\/02\/Oliv.009-B.jpg\" class=\"lightbox\" title=\"\" data-elementor-open-lightbox=\"no\"><div class=\"item-content-bkg gallery-bkg\"><div class=\"gallery-img\" style=\"background-image:url(https:\/\/osteriaallarosa.it\/wp-content\/uploads\/2025\/02\/Oliv.009-B.jpg)\"><\/div><div class=\"menu-post-desc\"><h4><\/h4><div class=\"gallery-mglass\"><i class=\"fa fa-search\"><\/i><\/div><\/div><\/div><\/a><\/div><div class=\"menu-post gallery-post\"><a href=\"https:\/\/osteriaallarosa.it\/wp-content\/uploads\/2025\/02\/Pagina-x-Malcesinepiu-con-bottiglia-nuova.jpg\" class=\"lightbox\" title=\"\" data-elementor-open-lightbox=\"no\"><div class=\"item-content-bkg gallery-bkg\"><div class=\"gallery-img\" style=\"background-image:url(https:\/\/osteriaallarosa.it\/wp-content\/uploads\/2025\/02\/Pagina-x-Malcesinepiu-con-bottiglia-nuova.jpg)\"><\/div><div class=\"menu-post-desc\"><h4><\/h4><div class=\"gallery-mglass\"><i class=\"fa fa-search\"><\/i><\/div><\/div><\/div><\/a><\/div><div class=\"menu-post gallery-post\"><a href=\"https:\/\/osteriaallarosa.it\/wp-content\/uploads\/2025\/02\/Vivogretti.jpg\" class=\"lightbox\" title=\"\" data-elementor-open-lightbox=\"no\"><div class=\"item-content-bkg gallery-bkg\"><div class=\"gallery-img\" style=\"background-image:url(https:\/\/osteriaallarosa.it\/wp-content\/uploads\/2025\/02\/Vivogretti.jpg)\"><\/div><div class=\"menu-post-desc\"><h4><\/h4><div class=\"gallery-mglass\"><i class=\"fa fa-search\"><\/i><\/div><\/div><\/div><\/a><\/div><\/div><\/div><\/div>\n\t\t\t\t\t\t<\/div>\n\t\t\t\t<\/div>\n\t\t\t\t<\/div>\n\t\t\t\t\t<\/div>\n\t\t\t\t<\/div>\n\t\t\t\t<\/div>\n\t\t","protected":false},"excerpt":{"rendered":"<p>DER WEINKELLER DER WEINKELLER Zu den Gerichten unserer K\u00fcche k\u00f6nnen Sie entweder einen vom Wirt pers\u00f6nlich ausgesuchten offenen Wein w\u00e4hlen oder Sie geben sich ganz der gro\u00dfen Auswahl unserer Weinkarte hin, bei der wiederum besonderes Gewicht auf die Produkte der Region gelegt wurde. Wer das Men\u00fc schlie\u00dflich mit dem unverwechselbaren Duft einer Grappa oder eines Edelbrands beschlie\u00dfen m\u00f6chte, f\u00fcr den&#8230;<\/p>\n","protected":false},"author":1,"featured_media":0,"parent":0,"menu_order":0,"comment_status":"closed","ping_status":"closed","template":"elementor_header_footer","meta":{"_acf_changed":false,"footnotes":""},"class_list":["post-3648","page","type-page","status-publish","hentry"],"acf":[],"yoast_head":"<!-- This site is optimized with the Yoast SEO plugin v27.6 - https:\/\/yoast.com\/product\/yoast-seo-wordpress\/ -->\n<title>DER WEINKELLER - Osteria alla Rosa<\/title>\n<meta name=\"robots\" content=\"index, follow, max-snippet:-1, max-image-preview:large, max-video-preview:-1\" \/>\n<link rel=\"canonical\" href=\"https:\/\/osteriaallarosa.it\/de\/der-weinkeller\/\" \/>\n<meta property=\"og:locale\" content=\"de_DE\" \/>\n<meta property=\"og:type\" content=\"article\" \/>\n<meta property=\"og:title\" content=\"DER WEINKELLER - Osteria alla Rosa\" \/>\n<meta property=\"og:description\" content=\"DER WEINKELLER DER WEINKELLER Zu den Gerichten unserer K\u00fcche k\u00f6nnen Sie entweder einen vom Wirt pers\u00f6nlich ausgesuchten offenen Wein w\u00e4hlen oder Sie geben sich ganz der gro\u00dfen Auswahl unserer Weinkarte hin, bei der wiederum besonderes Gewicht auf die Produkte der Region gelegt wurde. Wer das Men\u00fc schlie\u00dflich mit dem unverwechselbaren Duft einer Grappa oder eines Edelbrands beschlie\u00dfen m\u00f6chte, f\u00fcr den...\" \/>\n<meta property=\"og:url\" content=\"https:\/\/osteriaallarosa.it\/de\/der-weinkeller\/\" \/>\n<meta property=\"og:site_name\" content=\"Osteria alla Rosa\" \/>\n<meta property=\"article:modified_time\" content=\"2025-02-21T07:49:36+00:00\" \/>\n<meta name=\"twitter:card\" content=\"summary_large_image\" \/>\n<meta name=\"twitter:label1\" content=\"Gesch\u00e4tzte Lesezeit\" \/>\n\t<meta name=\"twitter:data1\" content=\"1\u00a0Minute\" \/>\n<script type=\"application\/ld+json\" class=\"yoast-schema-graph\">{\"@context\":\"https:\\\/\\\/schema.org\",\"@graph\":[{\"@type\":\"WebPage\",\"@id\":\"https:\\\/\\\/osteriaallarosa.it\\\/de\\\/der-weinkeller\\\/\",\"url\":\"https:\\\/\\\/osteriaallarosa.it\\\/de\\\/der-weinkeller\\\/\",\"name\":\"DER WEINKELLER - Osteria alla Rosa\",\"isPartOf\":{\"@id\":\"https:\\\/\\\/osteriaallarosa.it\\\/#website\"},\"datePublished\":\"2025-02-03T15:46:26+00:00\",\"dateModified\":\"2025-02-21T07:49:36+00:00\",\"breadcrumb\":{\"@id\":\"https:\\\/\\\/osteriaallarosa.it\\\/de\\\/der-weinkeller\\\/#breadcrumb\"},\"inLanguage\":\"de\",\"potentialAction\":[{\"@type\":\"ReadAction\",\"target\":[\"https:\\\/\\\/osteriaallarosa.it\\\/de\\\/der-weinkeller\\\/\"]}]},{\"@type\":\"BreadcrumbList\",\"@id\":\"https:\\\/\\\/osteriaallarosa.it\\\/de\\\/der-weinkeller\\\/#breadcrumb\",\"itemListElement\":[{\"@type\":\"ListItem\",\"position\":1,\"name\":\"Home\",\"item\":\"https:\\\/\\\/osteriaallarosa.it\\\/\"},{\"@type\":\"ListItem\",\"position\":2,\"name\":\"DER WEINKELLER\"}]},{\"@type\":\"WebSite\",\"@id\":\"https:\\\/\\\/osteriaallarosa.it\\\/#website\",\"url\":\"https:\\\/\\\/osteriaallarosa.it\\\/\",\"name\":\"Osteria alla Rosa\",\"description\":\"locale storico di Malcesine\",\"publisher\":{\"@id\":\"https:\\\/\\\/osteriaallarosa.it\\\/#organization\"},\"potentialAction\":[{\"@type\":\"SearchAction\",\"target\":{\"@type\":\"EntryPoint\",\"urlTemplate\":\"https:\\\/\\\/osteriaallarosa.it\\\/?s={search_term_string}\"},\"query-input\":{\"@type\":\"PropertyValueSpecification\",\"valueRequired\":true,\"valueName\":\"search_term_string\"}}],\"inLanguage\":\"de\"},{\"@type\":\"Organization\",\"@id\":\"https:\\\/\\\/osteriaallarosa.it\\\/#organization\",\"name\":\"Osteria alla Rosa\",\"url\":\"https:\\\/\\\/osteriaallarosa.it\\\/\",\"logo\":{\"@type\":\"ImageObject\",\"inLanguage\":\"de\",\"@id\":\"https:\\\/\\\/osteriaallarosa.it\\\/#\\\/schema\\\/logo\\\/image\\\/\",\"url\":\"https:\\\/\\\/osteriaallarosa.it\\\/wp-content\\\/uploads\\\/2025\\\/02\\\/osteriaaalrosa.png\",\"contentUrl\":\"https:\\\/\\\/osteriaallarosa.it\\\/wp-content\\\/uploads\\\/2025\\\/02\\\/osteriaaalrosa.png\",\"width\":469,\"height\":197,\"caption\":\"Osteria alla Rosa\"},\"image\":{\"@id\":\"https:\\\/\\\/osteriaallarosa.it\\\/#\\\/schema\\\/logo\\\/image\\\/\"}}]}<\/script>\n<!-- \/ Yoast SEO plugin. -->","yoast_head_json":{"title":"DER WEINKELLER - Osteria alla Rosa","robots":{"index":"index","follow":"follow","max-snippet":"max-snippet:-1","max-image-preview":"max-image-preview:large","max-video-preview":"max-video-preview:-1"},"canonical":"https:\/\/osteriaallarosa.it\/de\/der-weinkeller\/","og_locale":"de_DE","og_type":"article","og_title":"DER WEINKELLER - Osteria alla Rosa","og_description":"DER WEINKELLER DER WEINKELLER Zu den Gerichten unserer K\u00fcche k\u00f6nnen Sie entweder einen vom Wirt pers\u00f6nlich ausgesuchten offenen Wein w\u00e4hlen oder Sie geben sich ganz der gro\u00dfen Auswahl unserer Weinkarte hin, bei der wiederum besonderes Gewicht auf die Produkte der Region gelegt wurde. Wer das Men\u00fc schlie\u00dflich mit dem unverwechselbaren Duft einer Grappa oder eines Edelbrands beschlie\u00dfen m\u00f6chte, f\u00fcr den...","og_url":"https:\/\/osteriaallarosa.it\/de\/der-weinkeller\/","og_site_name":"Osteria alla Rosa","article_modified_time":"2025-02-21T07:49:36+00:00","twitter_card":"summary_large_image","twitter_misc":{"Gesch\u00e4tzte Lesezeit":"1\u00a0Minute"},"schema":{"@context":"https:\/\/schema.org","@graph":[{"@type":"WebPage","@id":"https:\/\/osteriaallarosa.it\/de\/der-weinkeller\/","url":"https:\/\/osteriaallarosa.it\/de\/der-weinkeller\/","name":"DER WEINKELLER - Osteria alla Rosa","isPartOf":{"@id":"https:\/\/osteriaallarosa.it\/#website"},"datePublished":"2025-02-03T15:46:26+00:00","dateModified":"2025-02-21T07:49:36+00:00","breadcrumb":{"@id":"https:\/\/osteriaallarosa.it\/de\/der-weinkeller\/#breadcrumb"},"inLanguage":"de","potentialAction":[{"@type":"ReadAction","target":["https:\/\/osteriaallarosa.it\/de\/der-weinkeller\/"]}]},{"@type":"BreadcrumbList","@id":"https:\/\/osteriaallarosa.it\/de\/der-weinkeller\/#breadcrumb","itemListElement":[{"@type":"ListItem","position":1,"name":"Home","item":"https:\/\/osteriaallarosa.it\/"},{"@type":"ListItem","position":2,"name":"DER WEINKELLER"}]},{"@type":"WebSite","@id":"https:\/\/osteriaallarosa.it\/#website","url":"https:\/\/osteriaallarosa.it\/","name":"Osteria alla Rosa","description":"locale storico di Malcesine","publisher":{"@id":"https:\/\/osteriaallarosa.it\/#organization"},"potentialAction":[{"@type":"SearchAction","target":{"@type":"EntryPoint","urlTemplate":"https:\/\/osteriaallarosa.it\/?s={search_term_string}"},"query-input":{"@type":"PropertyValueSpecification","valueRequired":true,"valueName":"search_term_string"}}],"inLanguage":"de"},{"@type":"Organization","@id":"https:\/\/osteriaallarosa.it\/#organization","name":"Osteria alla Rosa","url":"https:\/\/osteriaallarosa.it\/","logo":{"@type":"ImageObject","inLanguage":"de","@id":"https:\/\/osteriaallarosa.it\/#\/schema\/logo\/image\/","url":"https:\/\/osteriaallarosa.it\/wp-content\/uploads\/2025\/02\/osteriaaalrosa.png","contentUrl":"https:\/\/osteriaallarosa.it\/wp-content\/uploads\/2025\/02\/osteriaaalrosa.png","width":469,"height":197,"caption":"Osteria alla Rosa"},"image":{"@id":"https:\/\/osteriaallarosa.it\/#\/schema\/logo\/image\/"}}]}},"_links":{"self":[{"href":"https:\/\/osteriaallarosa.it\/de\/wp-json\/wp\/v2\/pages\/3648","targetHints":{"allow":["GET"]}}],"collection":[{"href":"https:\/\/osteriaallarosa.it\/de\/wp-json\/wp\/v2\/pages"}],"about":[{"href":"https:\/\/osteriaallarosa.it\/de\/wp-json\/wp\/v2\/types\/page"}],"author":[{"embeddable":true,"href":"https:\/\/osteriaallarosa.it\/de\/wp-json\/wp\/v2\/users\/1"}],"replies":[{"embeddable":true,"href":"https:\/\/osteriaallarosa.it\/de\/wp-json\/wp\/v2\/comments?post=3648"}],"version-history":[{"count":16,"href":"https:\/\/osteriaallarosa.it\/de\/wp-json\/wp\/v2\/pages\/3648\/revisions"}],"predecessor-version":[{"id":4117,"href":"https:\/\/osteriaallarosa.it\/de\/wp-json\/wp\/v2\/pages\/3648\/revisions\/4117"}],"wp:attachment":[{"href":"https:\/\/osteriaallarosa.it\/de\/wp-json\/wp\/v2\/media?parent=3648"}],"curies":[{"name":"wp","href":"https:\/\/api.w.org\/{rel}","templated":true}]}}